{"id":21468,"date":"2016-04-11T20:46:26","date_gmt":"2016-04-11T18:46:26","guid":{"rendered":"http:\/\/www.apparador.com\/es\/?page_id=21468"},"modified":"2016-04-11T23:11:31","modified_gmt":"2016-04-11T21:11:31","slug":"diseno-aplicaciones-moviles-barcelona","status":"publish","type":"page","link":"https:\/\/www.apparador.com\/es\/diseno-aplicaciones-moviles-barcelona\/","title":{"rendered":"Dise\u00f1o de aplicaciones m\u00f3viles Barcelona (APP&#8217;s)"},"content":{"rendered":"<div class=\"wpb-content-wrapper\">[vc_row bg_type=&#8221;grad&#8221; bg_grad=&#8221;background: -webkit-gradient(linear, left top, left bottom, color-stop(0%, #FBFBFB), color-stop(50%, #FAFAFA), color-stop(100%, #FAFAFA));background: -moz-linear-gradient(top,#FBFBFB 0%,#FAFAFA 50%,#FAFAFA 100%);background: -webkit-linear-gradient(top,#FBFBFB 0%,#FAFAFA 50%,#FAFAFA 100%);background: -o-linear-gradient(top,#FBFBFB 0%,#FAFAFA 50%,#FAFAFA 100%);background: -ms-linear-gradient(top,#FBFBFB 0%,#FAFAFA 50%,#FAFAFA 100%);background: linear-gradient(top,#FBFBFB 0%,#FAFAFA 50%,#FAFAFA 100%);&#8221; parallax_style=&#8221;vcpb-default&#8221; bg_image_repeat=&#8221;no-repeat&#8221; bg_image_size=&#8221;cover&#8221; bg_img_attach=&#8221;fixed&#8221; parallax_sense=&#8221;30&#8243; viewport_vdo=&#8221;viewport_play&#8221; enable_controls=&#8221;display_control&#8221; bg_override=&#8221;full&#8221;][vc_column width=&#8221;1\/1&#8243;][vc_column_text css=&#8221;.vc_custom_1460405626484{padding-top: 40px !important;}&#8221;]\n<h1 style=\"text-align: center; font-size: 40px; font-family: Roboto; font-weight: 300;\">App\u00a0nativa de tu negocio para\u00a0Android y\u00a0iOs.<\/h1>\n<hr class=\"divider break\" style=\"background: #1e73be;\" \/>\n<p style=\"text-align: center; font-size: 18px; font-family: Roboto; font-weight: 300;\">Conecta con tus clientes y usuarios. Potencia la marca de tu negocio con una APP a medida.<\/p>\n[\/vc_column_text][vc_row_inner css=&#8221;.vc_custom_1405078237137{padding-top: 40px !important;}&#8221;][vc_column_inner width=&#8221;1\/3&#8243;][vc_column_text]\n<h4 style=\"font-family: Roboto; font-weight: bold; text-align: right; font-size: 18px;\">Comercio<\/h4>\n<hr class=\"divider break\" style=\"float: right; margin: 10px auto;\" \/>\n<p style=\"font-family: Roboto; text-align: right; font-size: 13px; clear: both;\">Muestra tus productos y ofertas. Fideliza a tus clientes con descuentos.\u00a0Aumenta la productividad.<\/p>\n[\/vc_column_text][vc_column_text css=&#8221;.vc_custom_1460405818559{margin-top: 50px !important;margin-bottom: 50px !important;}&#8221;]\n<h4 style=\"font-family: Roboto; font-weight: bold; text-align: right; font-size: 18px;\">Educaci\u00f3n<\/h4>\n<hr class=\"divider break\" style=\"float: right; margin: 10px auto;\" \/>\n<p style=\"font-family: Roboto; text-align: right; font-size: 13px; clear: both;\">App&#8217;s para mostrar oferta formativa o cursos profesionales. A\u00f1ade documentaci\u00f3n, calendarios y seguimiento de usuarios.<\/p>\n[\/vc_column_text][vc_column_text]\n<h4 style=\"font-family: Roboto; font-weight: bold; text-align: right; font-size: 18px;\">Ocio \/ Actividades<\/h4>\n<hr class=\"divider break\" style=\"float: right; margin: 10px auto;\" \/>\n<p style=\"font-family: Roboto; text-align: right; font-size: 13px; clear: both;\">Informa de tus\u00a0actividades\u00a0o eventos importantes.\u00a0Conecta tus redes sociales\u00a0y con tus usuarios.<\/p>\n[\/vc_column_text][\/vc_column_inner][vc_column_inner width=&#8221;1\/3&#8243; css=&#8221;.vc_custom_1407687404635{padding-left: 55px !important;}&#8221;][vc_single_image image=&#8221;20986&#8243; img_size=&#8221;286 \u00d7 503&#8243; img_link_large=&#8221;&#8221; img_link_target=&#8221;_self&#8221;][\/vc_column_inner][vc_column_inner width=&#8221;1\/3&#8243;][vc_column_text]\n<h4 style=\"font-family: Roboto; font-weight: bold; font-size: 18px; text-align: left;\">Restaurantes<\/h4>\n<hr class=\"divider break\" style=\"display: inline-block; margin: 10px auto;\" \/>\n<p style=\"font-family: Roboto; font-size: 13px; text-align: left;\">Tu cocina en el bolsillo. Publica el men\u00fa del d\u00eda y\/o la carta de\u00a0tu\u00a0restaurante o negocio de hosteler\u00eda.<\/p>\n[\/vc_column_text][vc_column_text css=&#8221;.vc_custom_1460406074612{margin-top: 50px !important;margin-bottom: 50px !important;}&#8221;]\n<h4 style=\"font-family: Roboto; font-weight: bold; font-size: 18px; text-align: left;\">Deportes<\/h4>\n<hr class=\"divider break\" style=\"display: inline-block; margin: 10px auto;\" \/>\n<p style=\"font-family: Roboto; font-size: 13px; text-align: left;\">Informa a tus\u00a0usuarios de los horarios y\u00a0actividades de\u00a0tu\u00a0gimnasio\u00a0o club deportivo. Env\u00eda notificaciones personalizadas.<\/p>\n[\/vc_column_text][vc_column_text]\n<h4 style=\"font-family: Roboto; font-weight: bold; font-size: 18px; text-align: left;\">Tu\u00a0idea<\/h4>\n<hr class=\"divider break\" style=\"display: inline-block; margin: 10px auto;\" \/>\n<p style=\"font-family: Roboto; font-size: 13px; text-align: left;\">\u00bfTienes\u00a0una idea y\u00a0quieres darla a conocer mediante\u00a0una APP? Pide\u00a0un presupuesto\u00a0para tu proyecto, sin ning\u00fan compromiso.<\/p>\n[\/vc_column_text][\/vc_column_inner][\/vc_row_inner][\/vc_column][\/vc_row][vc_row bg_type=&#8221;grad&#8221; bg_grad=&#8221;background: -webkit-gradient(linear, left top, left bottom, color-stop(0%, #61A3C2), color-stop(50%, #5692AD), color-stop(100%, #61A3C2));background: -moz-linear-gradient(top,#61A3C2 0%,#5692AD 50%,#61A3C2 100%);background: -webkit-linear-gradient(top,#61A3C2 0%,#5692AD 50%,#61A3C2 100%);background: -o-linear-gradient(top,#61A3C2 0%,#5692AD 50%,#61A3C2 100%);background: -ms-linear-gradient(top,#61A3C2 0%,#5692AD 50%,#61A3C2 100%);background: linear-gradient(top,#61A3C2 0%,#5692AD 50%,#61A3C2 100%);&#8221; parallax_style=&#8221;vcpb-default&#8221; bg_image_repeat=&#8221;no-repeat&#8221; bg_image_size=&#8221;cover&#8221; bg_img_attach=&#8221;fixed&#8221; parallax_sense=&#8221;30&#8243; viewport_vdo=&#8221;viewport_play&#8221; enable_controls=&#8221;display_control&#8221; bg_override=&#8221;full&#8221; css=&#8221;.vc_custom_1428781073204{margin-top: -65px !important;}&#8221; animation_direction=&#8221;left-animation&#8221; animation_repeat=&#8221;repeat&#8221; video_opts=&#8221;&#8221; disable_on_mobile_img_parallax=&#8221;off&#8221; parallax_content_sense=&#8221;30&#8243; fadeout_start_effect=&#8221;30&#8243; overlay_pattern_opacity=&#8221;80&#8243; overlay_pattern_attachment=&#8221;fixed&#8221; multi_color_overlay=&#8221;&#8221; multi_color_overlay_opacity=&#8221;60&#8243; seperator_type=&#8221;none_seperator&#8221; seperator_position=&#8221;top_seperator&#8221; seperator_shape_size=&#8221;40&#8243; seperator_svg_height=&#8221;60&#8243; seperator_shape_background=&#8221;#ffffff&#8221; seperator_shape_border=&#8221;none&#8221; seperator_shape_border_width=&#8221;1&#8243; icon_type=&#8221;no_icon&#8221; icon_size=&#8221;32&#8243; icon_style=&#8221;none&#8221; icon_color_border=&#8221;#333333&#8243; icon_border_size=&#8221;1&#8243; icon_border_radius=&#8221;500&#8243; icon_border_spacing=&#8221;50&#8243; img_width=&#8221;48&#8243; ult_hide_row_large_screen=&#8221;off&#8221; ult_hide_row_desktop=&#8221;off&#8221; ult_hide_row_tablet=&#8221;off&#8221; ult_hide_row_tablet_small=&#8221;off&#8221; ult_hide_row_mobile=&#8221;off&#8221; ult_hide_row_mobile_large=&#8221;off&#8221;][vc_column width=&#8221;1\/1&#8243;][vc_column_text css=&#8221;.vc_custom_1460406745495{padding-top: 120px !important;padding-bottom: 120px !important;}&#8221;]\n<h2 style=\"text-align: center; font-family: Roboto; font-weight: 100; color: #fff; font-size: 40px; text-transform: none;\"><span style=\"color: #ffffff;\">\u201cHay una APP para\u00a0cualquier cosa que quieras hacer, cualquier\u00a0situaci\u00f3n a la que te enfrentas\u201d<\/span><\/h2>\n<h5 style=\"text-align: center; font-family: Roboto; font-weight: 300; color: #fff; text-transform: none; font-size: 16px;\"><span style=\"color: #ffcc00;\">Jacqueline Leo<\/span><\/h5>\n[\/vc_column_text][\/vc_column][\/vc_row][vc_row css=&#8221;.vc_custom_1406645824053{margin-top: 75px !important;}&#8221; bg_type=&#8221;theme_default&#8221; bg_grad=&#8221;background: -webkit-gradient(linear, left top, left bottom, color-stop(0%, #FBFBFB), color-stop(50%, #E3E3E3), color-stop(100%, #C2C2C2));background: -moz-linear-gradient(top,#FBFBFB 0%,#E3E3E3 50%,#C2C2C2 100%);background: -webkit-linear-gradient(top,#FBFBFB 0%,#E3E3E3 50%,#C2C2C2 100%);background: -o-linear-gradient(top,#FBFBFB 0%,#E3E3E3 50%,#C2C2C2 100%);background: -ms-linear-gradient(top,#FBFBFB 0%,#E3E3E3 50%,#C2C2C2 100%);background: linear-gradient(top,#FBFBFB 0%,#E3E3E3 50%,#C2C2C2 100%);&#8221; parallax_style=&#8221;vcpb-default&#8221; bg_image_repeat=&#8221;no-repeat&#8221; bg_image_size=&#8221;cover&#8221; bg_img_attach=&#8221;fixed&#8221; parallax_sense=&#8221;30&#8243; viewport_vdo=&#8221;viewport_play&#8221; enable_controls=&#8221;display_control&#8221; bg_override=&#8221;0&#8243;][vc_column width=&#8221;1\/1&#8243;][vc_column_text]\n<h1 style=\"text-align: center; font-size: 40px; font-family: Roboto; font-weight: 300;\">C\u00f3mo funciona?<\/h1>\n<hr class=\"divider break\" style=\"background: #1e73be;\" \/>\n<p style=\"text-align: center; font-size: 18px; font-family: Roboto; font-weight: 300;\">Hacemos el dise\u00f1o a medida\u00a0manteniendo la est\u00e9tica y aspecto visual de tu marca o negocio. Si quieres incluir\u00a0contenido din\u00e1mico, puedes acceder al panel de gesti\u00f3n para a\u00f1adir\u00a0o modificar datos.\u00a0Nosotros nos encargamos de la publicaci\u00f3n de tu APP en las tiendas principales: Google Play, Apple Store y\u00a0Windows Phone.<\/p>\n[\/vc_column_text][\/vc_column][\/vc_row][vc_row bg_type=&#8221;grad&#8221; bg_grad=&#8221;background: -webkit-gradient(linear, left top, left bottom, color-stop(0%, #6CCCA1), color-stop(50%, #6CCCA1), color-stop(100%, #6CCCA1));background: -moz-linear-gradient(top,#6CCCA1 0%,#6CCCA1 50%,#6CCCA1 100%);background: -webkit-linear-gradient(top,#6CCCA1 0%,#6CCCA1 50%,#6CCCA1 100%);background: -o-linear-gradient(top,#6CCCA1 0%,#6CCCA1 50%,#6CCCA1 100%);background: -ms-linear-gradient(top,#6CCCA1 0%,#6CCCA1 50%,#6CCCA1 100%);background: linear-gradient(top,#6CCCA1 0%,#6CCCA1 50%,#6CCCA1 100%);&#8221; parallax_style=&#8221;vcpb-default&#8221; bg_image_repeat=&#8221;no-repeat&#8221; bg_image_size=&#8221;cover&#8221; bg_img_attach=&#8221;fixed&#8221; parallax_sense=&#8221;30&#8243; viewport_vdo=&#8221;viewport_play&#8221; enable_controls=&#8221;display_control&#8221; bg_override=&#8221;full&#8221; css=&#8221;.vc_custom_1406645877856{padding-top: 80px !important;}&#8221;][vc_column width=&#8221;1\/2&#8243;][vc_column_text]\n<h1 style=\"text-align: left; font-size: 40px; font-family: Roboto; font-weight: 300; color: #fff;\"><span style=\"color: #ffffff;\">Gran herramienta\u00a0para tu negocio<\/span><\/h1>\n<hr class=\"divider break\" style=\"display: inline-block;\" \/>\n<p style=\"text-align: left; font-size: 17px; font-family: Roboto; font-weight: 300; color: #fff;\"><span style=\"color: #ffffff;\">Comunicaci\u00f3n, m\u00e1rketing y\u00a0tecnolog\u00eda son los\u00a0tres elementos que definen\u00a0los beneficios de tener una app propia para\u00a0tu empresa. Los \u00faltimos estudios del sector dicen que actualmente,\u00a0son mucho m\u00e1s frecuentes\u00a0las consultas con el tel\u00e9fono m\u00f3vil\u00a0de lo que marcaban las previsiones.<\/span><\/p>\n[\/vc_column_text]<div class=\"smile_icon_list_wrap ult_info_list_container ult-adjust-bottom-margin  \"><ul class=\"smile_icon_list left square with_bg\"><li class=\"icon_list_item\" style=\" font-size:48px;\"><div class=\"icon_list_icon\" data-animation=\"\" data-animation-delay=\"03\" style=\"font-size:16px;border-width:1px;border-style:none;background:rgba(255,255,255,0.01);color:#ffffff;border-color:#333333;\"><i class=\"Defaults-edit\" ><\/i><\/div><div class=\"icon_description\" id=\"Info-list-wrap-5147\" style=\"font-size:16px;\"><div class=\"icon_description_text ult-responsive\"  data-ultimate-target='#Info-list-wrap-5147 .icon_description_text'  data-responsive-json-new='{\"font-size\":\"desktop:13px;\",\"line-height\":\"desktop:18px;\"}'  style=\"\"><h5 style=\"margin-left: -60px; padding-top: 13px; font-size: 14px; text-transform: none; color: #fff; font-weight: 500;\"><span style=\"color: #ffffff;\">Informaci\u00f3n de la empresa las 24h del d\u00eda<\/span><\/h5>\n<\/div><\/div><div class=\"icon_list_connector\"  style=\"border-right-width: 1px;border-right-style: dashed;border-color: #6bcba0;\"><\/div><\/li><li class=\"icon_list_item\" style=\" font-size:48px;\"><div class=\"icon_list_icon\" data-animation=\"\" data-animation-delay=\"03\" style=\"font-size:16px;border-width:1px;border-style:none;background:rgba(255,255,255,0.01);color:#ffffff;border-color:#333333;\"><i class=\"Defaults-user\" ><\/i><\/div><div class=\"icon_description\" id=\"Info-list-wrap-1421\" style=\"font-size:16px;\"><div class=\"icon_description_text ult-responsive\"  data-ultimate-target='#Info-list-wrap-1421 .icon_description_text'  data-responsive-json-new='{\"font-size\":\"desktop:13px;\",\"line-height\":\"desktop:18px;\"}'  style=\"\"><h5 style=\"margin-left: -60px; padding-top: 13px; font-size: 14px; text-transform: none; color: #fff; font-weight: 500; margin-top: -20px;\">Comunicaci\u00f3n directa con\u00a0los usuarios<\/h5>\n<\/div><\/div><div class=\"icon_list_connector\"  style=\"border-right-width: 1px;border-right-style: dashed;border-color: #6bcba0;\"><\/div><\/li><li class=\"icon_list_item\" style=\" font-size:48px;\"><div class=\"icon_list_icon\" data-animation=\"\" data-animation-delay=\"03\" style=\"font-size:16px;border-width:1px;border-style:none;background:rgba(255,255,255,0.01);color:#ffffff;border-color:#333333;\"><i class=\"Defaults-check-circle\" ><\/i><\/div><div class=\"icon_description\" id=\"Info-list-wrap-7439\" style=\"font-size:16px;\"><div class=\"icon_description_text ult-responsive\"  data-ultimate-target='#Info-list-wrap-7439 .icon_description_text'  data-responsive-json-new='{\"font-size\":\"desktop:13px;\",\"line-height\":\"desktop:18px;\"}'  style=\"\"><h5 style=\"margin-left: -60px; padding-top: 13px; font-size: 14px; text-transform: none; color: #fff; font-weight: 500; margin-top: -20px;\">Mejora la marca de la empresa<\/h5>\n<\/div><\/div><div class=\"icon_list_connector\"  style=\"border-right-width: 1px;border-right-style: dashed;border-color: #6bcba0;\"><\/div><\/li><li class=\"icon_list_item\" style=\" font-size:48px;\"><div class=\"icon_list_icon\" data-animation=\"\" data-animation-delay=\"03\" style=\"font-size:16px;border-width:1px;border-style:none;background:rgba(255,255,255,0.01);color:#ffffff;border-color:#333333;\"><i class=\"Defaults-line-chart\" ><\/i><\/div><div class=\"icon_description\" id=\"Info-list-wrap-1858\" style=\"font-size:16px;\"><div class=\"icon_description_text ult-responsive\"  data-ultimate-target='#Info-list-wrap-1858 .icon_description_text'  data-responsive-json-new='{\"font-size\":\"desktop:13px;\",\"line-height\":\"desktop:18px;\"}'  style=\"\"><h5 style=\"margin-left: -60px; padding-top: 13px; font-size: 14px; text-transform: none; color: #fff; font-weight: 500; margin-top: -20px;\">Aumento de la productividad<\/h5>\n<\/div><\/div><div class=\"icon_list_connector\"  style=\"border-right-width: 1px;border-right-style: dashed;border-color: #6bcba0;\"><\/div><\/li><\/ul><\/div>[\/vc_column][vc_column width=&#8221;1\/2&#8243;][vc_single_image image=&#8221;20992&#8243; img_size=&#8221;530&#215;550&#8243; img_link_large=&#8221;&#8221; img_link_target=&#8221;_self&#8221;][\/vc_column][\/vc_row][vc_row css=&#8221;.vc_custom_1407325303686{margin-top: 70px !important;margin-bottom: 0px !important;}&#8221; bg_type=&#8221;theme_default&#8221; bg_grad=&#8221;background: -webkit-gradient(linear, left top, left bottom, color-stop(0%, #FBFBFB), color-stop(50%, #E3E3E3), color-stop(100%, #C2C2C2));background: -moz-linear-gradient(top,#FBFBFB 0%,#E3E3E3 50%,#C2C2C2 100%);background: -webkit-linear-gradient(top,#FBFBFB 0%,#E3E3E3 50%,#C2C2C2 100%);background: -o-linear-gradient(top,#FBFBFB 0%,#E3E3E3 50%,#C2C2C2 100%);background: -ms-linear-gradient(top,#FBFBFB 0%,#E3E3E3 50%,#C2C2C2 100%);background: linear-gradient(top,#FBFBFB 0%,#E3E3E3 50%,#C2C2C2 100%);&#8221; parallax_style=&#8221;vcpb-default&#8221; bg_image_repeat=&#8221;no-repeat&#8221; bg_image_size=&#8221;cover&#8221; bg_img_attach=&#8221;fixed&#8221; parallax_sense=&#8221;30&#8243; viewport_vdo=&#8221;viewport_play&#8221; enable_controls=&#8221;display_control&#8221; bg_override=&#8221;0&#8243;][vc_column width=&#8221;1\/1&#8243;][vc_column_text]\n<h1 style=\"text-align: center; font-size: 40px; font-family: Lato; font-weight: 300;\">SOLICITA TU\u00a0PRESUPUESTO<\/h1>\n<hr class=\"divider break\" style=\"background: #4bddbf;\" \/>\n[\/vc_column_text][\/vc_column][\/vc_row][vc_row][vc_column width=&#8221;1\/2&#8243;][vc_column_text]Si est\u00e1s interesado\/da en tener\u00a0tu propia APP para tu\u00a0empresa o instituci\u00f3n, rellena\u00a0el siguiente formulario y\u00a0nos pondremos\u00a0en contacto\u00a0contigo lo m\u00e1s pronto posible.[\/vc_column_text][vc_single_image image=&#8221;20998&#8243; img_link_large=&#8221;&#8221; img_link_target=&#8221;_self&#8221; img_size=&#8221;540&#215;440&#8243;][\/vc_column][vc_column width=&#8221;1\/2&#8243;]\n<div class=\"wpcf7 no-js\" id=\"wpcf7-f20996-o1\" lang=\"ca\" dir=\"ltr\">\n<div class=\"screen-reader-response\"><p role=\"status\" aria-live=\"polite\" aria-atomic=\"true\"><\/p> <ul><\/ul><\/div>\n<form action=\"\/es\/wp-json\/wp\/v2\/pages\/21468#wpcf7-f20996-o1\" method=\"post\" class=\"wpcf7-form init\" aria-label=\"Formulari de contacte\" novalidate=\"novalidate\" data-status=\"init\">\n<div style=\"display: none;\">\n<input type=\"hidden\" name=\"_wpcf7\" value=\"20996\" \/>\n<input type=\"hidden\" name=\"_wpcf7_version\" value=\"5.9.8\" \/>\n<input type=\"hidden\" name=\"_wpcf7_locale\" value=\"ca\" \/>\n<input type=\"hidden\" name=\"_wpcf7_unit_tag\" value=\"wpcf7-f20996-o1\" \/>\n<input type=\"hidden\" name=\"_wpcf7_container_post\" value=\"0\" \/>\n<input type=\"hidden\" name=\"_wpcf7_posted_data_hash\" value=\"\" \/>\n<\/div>\n<p>El teu nom (obligatori)\n<\/p>\n<p><span class=\"wpcf7-form-control-wrap\" data-name=\"your-name\"><input size=\"35\" maxlength=\"400\" class=\"wpcf7-form-control wpcf7-text wpcf7-validates-as-required\" aria-required=\"true\" aria-invalid=\"false\" value=\"\" type=\"text\" name=\"your-name\" \/><\/span>\n<\/p>\n<p>El teu email (obligatori)\n<\/p>\n<p><span class=\"wpcf7-form-control-wrap\" data-name=\"your-email\"><input size=\"35\" maxlength=\"400\" class=\"wpcf7-form-control wpcf7-email wpcf7-validates-as-required wpcf7-text wpcf7-validates-as-email\" aria-required=\"true\" aria-invalid=\"false\" value=\"\" type=\"email\" name=\"your-email\" \/><\/span>\n<\/p>\n<p>Assumpte\n<\/p>\n<p><span class=\"wpcf7-form-control-wrap\" data-name=\"your-subject\"><input size=\"35\" maxlength=\"400\" class=\"wpcf7-form-control wpcf7-text\" aria-invalid=\"false\" value=\"\" type=\"text\" name=\"your-subject\" \/><\/span>\n<\/p>\n<p>El teu missatge\n<\/p>\n<p><span class=\"wpcf7-form-control-wrap\" data-name=\"your-message\"><textarea cols=\"35\" rows=\"10\" maxlength=\"2000\" class=\"wpcf7-form-control wpcf7-textarea\" aria-invalid=\"false\" name=\"your-message\"><\/textarea><\/span>\n<\/p>\n<p><input class=\"wpcf7-form-control wpcf7-submit has-spinner\" type=\"submit\" value=\"Enviar\" \/>\n<\/p><div class=\"wpcf7-response-output\" aria-hidden=\"true\"><\/div>\n<\/form>\n<\/div>\n[\/vc_column][\/vc_row]\n<\/div>","protected":false},"excerpt":{"rendered":"<p>&#8230;<\/p>\n","protected":false},"author":1,"featured_media":0,"parent":0,"menu_order":0,"comment_status":"open","ping_status":"open","template":"","meta":{"_monsterinsights_skip_tracking":false,"_monsterinsights_sitenote_active":false,"_monsterinsights_sitenote_note":"","_monsterinsights_sitenote_category":0,"_joinchat":[],"footnotes":""},"_links":{"self":[{"href":"https:\/\/www.apparador.com\/es\/wp-json\/wp\/v2\/pages\/21468"}],"collection":[{"href":"https:\/\/www.apparador.com\/es\/wp-json\/wp\/v2\/pages"}],"about":[{"href":"https:\/\/www.apparador.com\/es\/wp-json\/wp\/v2\/types\/page"}],"author":[{"embeddable":true,"href":"https:\/\/www.apparador.com\/es\/wp-json\/wp\/v2\/users\/1"}],"replies":[{"embeddable":true,"href":"https:\/\/www.apparador.com\/es\/wp-json\/wp\/v2\/comments?post=21468"}],"version-history":[{"count":6,"href":"https:\/\/www.apparador.com\/es\/wp-json\/wp\/v2\/pages\/21468\/revisions"}],"predecessor-version":[{"id":21475,"href":"https:\/\/www.apparador.com\/es\/wp-json\/wp\/v2\/pages\/21468\/revisions\/21475"}],"wp:attachment":[{"href":"https:\/\/www.apparador.com\/es\/wp-json\/wp\/v2\/media?parent=21468"}],"curies":[{"name":"wp","href":"https:\/\/api.w.org\/{rel}","templated":true}]}}