{"id":21565,"date":"2015-04-12T11:16:21","date_gmt":"2015-04-12T09:16:21","guid":{"rendered":"http:\/\/www.apparador.com\/es\/musica\/"},"modified":"2018-01-29T18:41:26","modified_gmt":"2018-01-29T16:41:26","slug":"musica","status":"publish","type":"page","link":"https:\/\/www.apparador.com\/es\/musica\/","title":{"rendered":"M\u00fasica"},"content":{"rendered":"<div class=\"wpb-content-wrapper\">[vc_row bg_type=&#8221;image&#8221; parallax_style=&#8221;vcpb-default&#8221; bg_image_new=&#8221;21084&#8243; bg_image_repeat=&#8221;no-repeat&#8221; bg_image_size=&#8221;cover&#8221; bg_img_attach=&#8221;scroll&#8221; bg_override=&#8221;ex-full&#8221; parallax_content=&#8221;parallax_content_value&#8221; parallax_content_sense=&#8221;30&#8243; fadeout_row=&#8221;fadeout_row_value&#8221; fadeout_start_effect=&#8221;30&#8243; enable_overlay=&#8221;enable_overlay_value&#8221; overlay_color=&#8221;#04101e&#8221; overlay_pattern_opacity=&#8221;45&#8243; overlay_pattern_attachment=&#8221;fixed&#8221;][vc_column][vc_empty_space height=&#8221;42px&#8221;][vc_column_text]\n<h2 style=\"text-align: center;\"><span style=\"color: #ffffff;\">M\u00daSICA A MEDIDA PARA SUS PROYECTOS<\/span><\/h2>\n<p style=\"text-align: center;\"><span style=\"color: #ffffff;\">Para anuncios, cine, p\u00e1ginas web, videos&#8230; M\u00fasica creada por m\u00fasicos profesionales.<\/span><\/p>\n[\/vc_column_text][vc_empty_space height=&#8221;42px&#8221;][\/vc_column][\/vc_row][vc_row][vc_column][vc_column_text]\n<h5 style=\"text-align: center;\">Haz clic para escuchar algunas de nuestras demos. Queda prohibida la copia, distribuci\u00f3n y reproducci\u00f3n fuera de este dominio.<\/h5>\n[\/vc_column_text][\/vc_column][\/vc_row][vc_row][vc_column width=&#8221;1\/3&#8243;][vc_text_separator title=&#8221;Kamikaze&#8221;][vc_column_text]\n<!--[if lt IE 9]><script>document.createElement('audio');<\/script><![endif]-->\n<audio class=\"wp-audio-shortcode\" id=\"audio-21565-1\" preload=\"none\" style=\"width: 100%;\" controls=\"controls\"><source type=\"audio\/mpeg\" src=\"http:\/\/www.apparador.com\/wp-content\/uploads\/2015\/04\/Kamikaze.mp3?_=1\" \/><a href=\"http:\/\/www.apparador.com\/wp-content\/uploads\/2015\/04\/Kamikaze.mp3\">http:\/\/www.apparador.com\/wp-content\/uploads\/2015\/04\/Kamikaze.mp3<\/a><\/audio>\n[\/vc_column_text][\/vc_column][vc_column width=&#8221;1\/3&#8243;][vc_text_separator title=&#8221;On the other side&#8221;][vc_column_text]\n<audio class=\"wp-audio-shortcode\" id=\"audio-21565-2\" preload=\"none\" style=\"width: 100%;\" controls=\"controls\"><source type=\"audio\/mpeg\" src=\"http:\/\/www.apparador.com\/wp-content\/uploads\/2015\/04\/On-the-other-side.mp3?_=2\" \/><a href=\"http:\/\/www.apparador.com\/wp-content\/uploads\/2015\/04\/On-the-other-side.mp3\">http:\/\/www.apparador.com\/wp-content\/uploads\/2015\/04\/On-the-other-side.mp3<\/a><\/audio>\n[\/vc_column_text][\/vc_column][vc_column width=&#8221;1\/3&#8243;][vc_text_separator title=&#8221;Just a second&#8221;][vc_column_text]\n<audio class=\"wp-audio-shortcode\" id=\"audio-21565-3\" preload=\"none\" style=\"width: 100%;\" controls=\"controls\"><source type=\"audio\/mpeg\" src=\"http:\/\/www.apparador.com\/wp-content\/uploads\/2015\/04\/Just-a-second.mp3?_=3\" \/><a href=\"http:\/\/www.apparador.com\/wp-content\/uploads\/2015\/04\/Just-a-second.mp3\">http:\/\/www.apparador.com\/wp-content\/uploads\/2015\/04\/Just-a-second.mp3<\/a><\/audio>\n[\/vc_column_text][\/vc_column][\/vc_row][vc_row][vc_column width=&#8221;1\/3&#8243;][vc_text_separator title=&#8221;Por si acaso&#8221;][vc_column_text]\n<audio class=\"wp-audio-shortcode\" id=\"audio-21565-4\" preload=\"none\" style=\"width: 100%;\" controls=\"controls\"><source type=\"audio\/mpeg\" src=\"http:\/\/www.apparador.com\/wp-content\/uploads\/2015\/04\/Por-si-acaso.mp3?_=4\" \/><a href=\"http:\/\/www.apparador.com\/wp-content\/uploads\/2015\/04\/Por-si-acaso.mp3\">http:\/\/www.apparador.com\/wp-content\/uploads\/2015\/04\/Por-si-acaso.mp3<\/a><\/audio>\n[\/vc_column_text][\/vc_column][vc_column width=&#8221;1\/3&#8243;][vc_text_separator title=&#8221;A contra luz&#8221;][vc_column_text]\n<audio class=\"wp-audio-shortcode\" id=\"audio-21565-5\" preload=\"none\" style=\"width: 100%;\" controls=\"controls\"><source type=\"audio\/mpeg\" src=\"http:\/\/www.apparador.com\/wp-content\/uploads\/2015\/04\/A-contra-luz.mp3?_=5\" \/><a href=\"http:\/\/www.apparador.com\/wp-content\/uploads\/2015\/04\/A-contra-luz.mp3\">http:\/\/www.apparador.com\/wp-content\/uploads\/2015\/04\/A-contra-luz.mp3<\/a><\/audio>\n[\/vc_column_text][\/vc_column][vc_column width=&#8221;1\/3&#8243;][vc_text_separator title=&#8221;Only natural&#8221;][vc_column_text]\n<audio class=\"wp-audio-shortcode\" id=\"audio-21565-6\" preload=\"none\" style=\"width: 100%;\" controls=\"controls\"><source type=\"audio\/mpeg\" src=\"http:\/\/www.apparador.com\/wp-content\/uploads\/2015\/04\/Only-natural.mp3?_=6\" \/><a href=\"http:\/\/www.apparador.com\/wp-content\/uploads\/2015\/04\/Only-natural.mp3\">http:\/\/www.apparador.com\/wp-content\/uploads\/2015\/04\/Only-natural.mp3<\/a><\/audio>\n[\/vc_column_text][\/vc_column][\/vc_row][vc_row][vc_column width=&#8221;1\/3&#8243;][vc_text_separator title=&#8221;Toward the future&#8221;][vc_column_text]\n<audio class=\"wp-audio-shortcode\" id=\"audio-21565-7\" preload=\"none\" style=\"width: 100%;\" controls=\"controls\"><source type=\"audio\/mpeg\" src=\"http:\/\/www.apparador.com\/wp-content\/uploads\/2015\/04\/Toward-the-future.mp3?_=7\" \/><a href=\"http:\/\/www.apparador.com\/wp-content\/uploads\/2015\/04\/Toward-the-future.mp3\">http:\/\/www.apparador.com\/wp-content\/uploads\/2015\/04\/Toward-the-future.mp3<\/a><\/audio>\n[\/vc_column_text][\/vc_column][vc_column width=&#8221;1\/3&#8243;][vc_text_separator title=&#8221;The childrens&#8221;][vc_column_text]\n<audio class=\"wp-audio-shortcode\" id=\"audio-21565-8\" preload=\"none\" style=\"width: 100%;\" controls=\"controls\"><source type=\"audio\/mpeg\" src=\"http:\/\/www.apparador.com\/wp-content\/uploads\/2015\/04\/The-childrens.mp3?_=8\" \/><a href=\"http:\/\/www.apparador.com\/wp-content\/uploads\/2015\/04\/The-childrens.mp3\">http:\/\/www.apparador.com\/wp-content\/uploads\/2015\/04\/The-childrens.mp3<\/a><\/audio>\n[\/vc_column_text][\/vc_column][vc_column width=&#8221;1\/3&#8243;][vc_text_separator title=&#8221;The prodigal&#8221;][vc_column_text]\n<audio class=\"wp-audio-shortcode\" id=\"audio-21565-9\" preload=\"none\" style=\"width: 100%;\" controls=\"controls\"><source type=\"audio\/mpeg\" src=\"http:\/\/www.apparador.com\/wp-content\/uploads\/2015\/04\/The-prodigal.mp3?_=9\" \/><a href=\"http:\/\/www.apparador.com\/wp-content\/uploads\/2015\/04\/The-prodigal.mp3\">http:\/\/www.apparador.com\/wp-content\/uploads\/2015\/04\/The-prodigal.mp3<\/a><\/audio>\n[\/vc_column_text][\/vc_column][\/vc_row][vc_row][vc_column width=&#8221;1\/3&#8243;][vc_text_separator title=&#8221;Demo 1&#8243;][vc_column_text]\n<audio class=\"wp-audio-shortcode\" id=\"audio-21565-10\" preload=\"none\" style=\"width: 100%;\" controls=\"controls\"><source type=\"audio\/mpeg\" src=\"http:\/\/www.apparador.com\/wp-content\/uploads\/2018\/01\/demo1.mp3?_=10\" \/><a href=\"http:\/\/www.apparador.com\/wp-content\/uploads\/2018\/01\/demo1.mp3\">http:\/\/www.apparador.com\/wp-content\/uploads\/2018\/01\/demo1.mp3<\/a><\/audio>\n[\/vc_column_text][\/vc_column][vc_column width=&#8221;1\/3&#8243;][vc_text_separator title=&#8221;Demo 2&#8243;][vc_column_text]\n<audio class=\"wp-audio-shortcode\" id=\"audio-21565-11\" preload=\"none\" style=\"width: 100%;\" controls=\"controls\"><source type=\"audio\/mpeg\" src=\"http:\/\/www.apparador.com\/wp-content\/uploads\/2018\/01\/demo2.mp3?_=11\" \/><a href=\"http:\/\/www.apparador.com\/wp-content\/uploads\/2018\/01\/demo2.mp3\">http:\/\/www.apparador.com\/wp-content\/uploads\/2018\/01\/demo2.mp3<\/a><\/audio>\n[\/vc_column_text][\/vc_column][vc_column width=&#8221;1\/3&#8243;][vc_text_separator title=&#8221;Demo 3&#8243;][vc_column_text]\n<audio class=\"wp-audio-shortcode\" id=\"audio-21565-12\" preload=\"none\" style=\"width: 100%;\" controls=\"controls\"><source type=\"audio\/mpeg\" src=\"http:\/\/www.apparador.com\/wp-content\/uploads\/2018\/01\/demo3.mp3?_=12\" \/><a href=\"http:\/\/www.apparador.com\/wp-content\/uploads\/2018\/01\/demo3.mp3\">http:\/\/www.apparador.com\/wp-content\/uploads\/2018\/01\/demo3.mp3<\/a><\/audio>\n[\/vc_column_text][\/vc_column][\/vc_row][vc_row][vc_column width=&#8221;1\/3&#8243;][vc_text_separator title=&#8221;Demo 4&#8243;][vc_column_text]\n<audio class=\"wp-audio-shortcode\" id=\"audio-21565-13\" preload=\"none\" style=\"width: 100%;\" controls=\"controls\"><source type=\"audio\/mpeg\" src=\"http:\/\/www.apparador.com\/wp-content\/uploads\/2018\/01\/demo4.mp3?_=13\" \/><a href=\"http:\/\/www.apparador.com\/wp-content\/uploads\/2018\/01\/demo4.mp3\">http:\/\/www.apparador.com\/wp-content\/uploads\/2018\/01\/demo4.mp3<\/a><\/audio>\n[\/vc_column_text][\/vc_column][vc_column width=&#8221;1\/3&#8243;][vc_text_separator title=&#8221;Demo 5&#8243;][vc_column_text]\n<audio class=\"wp-audio-shortcode\" id=\"audio-21565-14\" preload=\"none\" style=\"width: 100%;\" controls=\"controls\"><source type=\"audio\/mpeg\" src=\"http:\/\/www.apparador.com\/wp-content\/uploads\/2018\/01\/demo5.mp3?_=14\" \/><a href=\"http:\/\/www.apparador.com\/wp-content\/uploads\/2018\/01\/demo5.mp3\">http:\/\/www.apparador.com\/wp-content\/uploads\/2018\/01\/demo5.mp3<\/a><\/audio>\n[\/vc_column_text][\/vc_column][vc_column width=&#8221;1\/3&#8243;][vc_text_separator title=&#8221;Demo 6&#8243;][vc_column_text]\n<audio class=\"wp-audio-shortcode\" id=\"audio-21565-15\" preload=\"none\" style=\"width: 100%;\" controls=\"controls\"><source type=\"audio\/mpeg\" src=\"http:\/\/www.apparador.com\/wp-content\/uploads\/2018\/01\/demo6.mp3?_=15\" \/><a href=\"http:\/\/www.apparador.com\/wp-content\/uploads\/2018\/01\/demo6.mp3\">http:\/\/www.apparador.com\/wp-content\/uploads\/2018\/01\/demo6.mp3<\/a><\/audio>\n[\/vc_column_text][\/vc_column][\/vc_row][vc_row][vc_column width=&#8221;1\/3&#8243;][vc_text_separator title=&#8221;Demo 7&#8243;][vc_column_text]\n<audio class=\"wp-audio-shortcode\" id=\"audio-21565-16\" preload=\"none\" style=\"width: 100%;\" controls=\"controls\"><source type=\"audio\/mpeg\" src=\"http:\/\/www.apparador.com\/wp-content\/uploads\/2018\/01\/demo7.mp3?_=16\" \/><a href=\"http:\/\/www.apparador.com\/wp-content\/uploads\/2018\/01\/demo7.mp3\">http:\/\/www.apparador.com\/wp-content\/uploads\/2018\/01\/demo7.mp3<\/a><\/audio>\n[\/vc_column_text][\/vc_column][vc_column width=&#8221;1\/3&#8243;][vc_text_separator title=&#8221;Demo 8&#8243;][vc_column_text]\n<audio class=\"wp-audio-shortcode\" id=\"audio-21565-17\" preload=\"none\" style=\"width: 100%;\" controls=\"controls\"><source type=\"audio\/mpeg\" src=\"http:\/\/www.apparador.com\/wp-content\/uploads\/2018\/01\/demo8.mp3?_=17\" \/><a href=\"http:\/\/www.apparador.com\/wp-content\/uploads\/2018\/01\/demo8.mp3\">http:\/\/www.apparador.com\/wp-content\/uploads\/2018\/01\/demo8.mp3<\/a><\/audio>\n[\/vc_column_text][\/vc_column][vc_column width=&#8221;1\/3&#8243;][vc_text_separator title=&#8221;Demo 9&#8243;][vc_column_text]\n<audio class=\"wp-audio-shortcode\" id=\"audio-21565-18\" preload=\"none\" style=\"width: 100%;\" controls=\"controls\"><source type=\"audio\/mpeg\" src=\"http:\/\/www.apparador.com\/wp-content\/uploads\/2018\/01\/demo9.mp3?_=18\" \/><a href=\"http:\/\/www.apparador.com\/wp-content\/uploads\/2018\/01\/demo9.mp3\">http:\/\/www.apparador.com\/wp-content\/uploads\/2018\/01\/demo9.mp3<\/a><\/audio>\n[\/vc_column_text][\/vc_column][\/vc_row][vc_row][vc_column width=&#8221;1\/3&#8243;][vc_text_separator title=&#8221;Demo 10&#8243;][vc_column_text]\n<audio class=\"wp-audio-shortcode\" id=\"audio-21565-19\" preload=\"none\" style=\"width: 100%;\" controls=\"controls\"><source type=\"audio\/mpeg\" src=\"http:\/\/www.apparador.com\/wp-content\/uploads\/2018\/01\/demo10.mp3?_=19\" \/><a href=\"http:\/\/www.apparador.com\/wp-content\/uploads\/2018\/01\/demo10.mp3\">http:\/\/www.apparador.com\/wp-content\/uploads\/2018\/01\/demo10.mp3<\/a><\/audio>\n[\/vc_column_text][\/vc_column][vc_column width=&#8221;1\/3&#8243;][vc_text_separator title=&#8221;Demo 11&#8243;][vc_column_text]\n<audio class=\"wp-audio-shortcode\" id=\"audio-21565-20\" preload=\"none\" style=\"width: 100%;\" controls=\"controls\"><source type=\"audio\/mpeg\" src=\"http:\/\/www.apparador.com\/wp-content\/uploads\/2018\/01\/demo11.mp3?_=20\" \/><a href=\"http:\/\/www.apparador.com\/wp-content\/uploads\/2018\/01\/demo11.mp3\">http:\/\/www.apparador.com\/wp-content\/uploads\/2018\/01\/demo11.mp3<\/a><\/audio>\n[\/vc_column_text][\/vc_column][vc_column width=&#8221;1\/3&#8243;][vc_text_separator title=&#8221;Demo 12&#8243;][vc_column_text]\n<audio class=\"wp-audio-shortcode\" id=\"audio-21565-21\" preload=\"none\" style=\"width: 100%;\" controls=\"controls\"><source type=\"audio\/mpeg\" src=\"http:\/\/www.apparador.com\/wp-content\/uploads\/2018\/01\/demo12.mp3?_=21\" \/><a href=\"http:\/\/www.apparador.com\/wp-content\/uploads\/2018\/01\/demo12.mp3\">http:\/\/www.apparador.com\/wp-content\/uploads\/2018\/01\/demo12.mp3<\/a><\/audio>\n[\/vc_column_text][\/vc_column][\/vc_row]\n<\/div>","protected":false},"excerpt":{"rendered":"<p>&#8230;<\/p>\n","protected":false},"author":1,"featured_media":0,"parent":0,"menu_order":0,"comment_status":"open","ping_status":"open","template":"","meta":{"_monsterinsights_skip_tracking":false,"_monsterinsights_sitenote_active":false,"_monsterinsights_sitenote_note":"","_monsterinsights_sitenote_category":0,"_joinchat":[],"footnotes":""},"_links":{"self":[{"href":"https:\/\/www.apparador.com\/es\/wp-json\/wp\/v2\/pages\/21565"}],"collection":[{"href":"https:\/\/www.apparador.com\/es\/wp-json\/wp\/v2\/pages"}],"about":[{"href":"https:\/\/www.apparador.com\/es\/wp-json\/wp\/v2\/types\/page"}],"author":[{"embeddable":true,"href":"https:\/\/www.apparador.com\/es\/wp-json\/wp\/v2\/users\/1"}],"replies":[{"embeddable":true,"href":"https:\/\/www.apparador.com\/es\/wp-json\/wp\/v2\/comments?post=21565"}],"version-history":[{"count":2,"href":"https:\/\/www.apparador.com\/es\/wp-json\/wp\/v2\/pages\/21565\/revisions"}],"predecessor-version":[{"id":21568,"href":"https:\/\/www.apparador.com\/es\/wp-json\/wp\/v2\/pages\/21565\/revisions\/21568"}],"wp:attachment":[{"href":"https:\/\/www.apparador.com\/es\/wp-json\/wp\/v2\/media?parent=21565"}],"curies":[{"name":"wp","href":"https:\/\/api.w.org\/{rel}","templated":true}]}}