{"id":21630,"date":"2020-04-28T22:22:29","date_gmt":"2020-04-28T20:22:29","guid":{"rendered":"http:\/\/www.apparador.com\/es\/?page_id=21630"},"modified":"2020-08-09T09:45:04","modified_gmt":"2020-08-09T07:45:04","slug":"app-para-restaurante","status":"publish","type":"page","link":"https:\/\/www.apparador.com\/es\/app-para-restaurante\/","title":{"rendered":"App para restaurante"},"content":{"rendered":"<div class=\"wpb-content-wrapper\">[vc_row][vc_column][vc_cta h2=&#8221;Creamos la APP de su restaurante en solo 5 d\u00edas.&#8221; h4=&#8221;En estos momentos tan cr\u00edticos para el sector de la hosteler\u00eda no cobramos por realizar la APP.&#8221; txt_align=&#8221;center&#8221; style=&#8221;3d&#8221; color=&#8221;green&#8221;]<span style=\"color: #ffffff;\">El precio de creaci\u00f3n de una APP para restaurante oscila entre los 500 y los 2000 $\/\u20ac, dependiendo de las caracter\u00edsticas de cada cliente. Pero debido a la crisis global producida por la pandemia, hemos decidido no cobrar por realizar cada APP. S\u00f3lo cobramos el importe mensual de mantenimiento.<\/span>[\/vc_cta][\/vc_column][\/vc_row][vc_row][vc_column][vc_empty_space height=&#8221;12px&#8221;][vc_text_separator title=&#8221;Caracter\u00edsticas y funcionalidades de la APP de su restaurante&#8221;][\/vc_column][\/vc_row][vc_row][vc_column width=&#8221;1\/4&#8243; css=&#8221;.vc_custom_1588105776745{margin-right: 10px !important;margin-left: 10px !important;border-right-width: 10px !important;border-left-width: 10px !important;padding-right: 10px !important;padding-left: 10px !important;border-radius: 1px !important;}&#8221;]<div class=\"aio-icon-component    style_2\"><div id=\"Info-box-wrap-7835\" class=\"aio-icon-box top-icon\" style=\"\"  ><div class=\"aio-icon-top\"><div class=\"ult-just-icon-wrapper  \"><div class=\"align-icon\" style=\"text-align:center;\">\n<div class=\"aio-icon none \"  style=\"color:#388ac1;font-size:46px;display:inline-block;\">\n\t<i class=\"Defaults-mobile\"><\/i>\n<\/div><\/div><\/div><\/div><div class=\"aio-icon-header\" ><h3 class=\"aio-icon-title ult-responsive\"  data-ultimate-target='#Info-box-wrap-7835 .aio-icon-title'  data-responsive-json-new='{\"font-size\":\"\",\"line-height\":\"\"}'  style=\"\">APP NATIVA PARA IOS Y ANDROID<\/h3><\/div> <!-- header --><div class=\"aio-icon-description ult-responsive\"  data-ultimate-target='#Info-box-wrap-7835 .aio-icon-description'  data-responsive-json-new='{\"font-size\":\"\",\"line-height\":\"\"}'  style=\"\">No es una APP compartida. El producto es \u00fanico para su negocio.\u00a0Nosotros nos encargamos de la creaci\u00f3n y de la publicaci\u00f3n.<\/div> <!-- description --><\/div> <!-- aio-icon-box --><\/div> <!-- aio-icon-component -->[\/vc_column][vc_column width=&#8221;1\/4&#8243; css=&#8221;.vc_custom_1588105785862{margin-right: 10px !important;margin-left: 10px !important;border-right-width: 10px !important;border-left-width: 10px !important;padding-right: 10px !important;padding-left: 10px !important;}&#8221;]<div class=\"aio-icon-component    style_2\"><div id=\"Info-box-wrap-4421\" class=\"aio-icon-box top-icon\" style=\"\"  ><div class=\"aio-icon-top\"><div class=\"ult-just-icon-wrapper  \"><div class=\"align-icon\" style=\"text-align:center;\">\n<div class=\"aio-icon none \"  style=\"color:#388ac1;font-size:46px;display:inline-block;\">\n\t<i class=\"Defaults-cloud-download\"><\/i>\n<\/div><\/div><\/div><\/div><div class=\"aio-icon-header\" ><h3 class=\"aio-icon-title ult-responsive\"  data-ultimate-target='#Info-box-wrap-4421 .aio-icon-title'  data-responsive-json-new='{\"font-size\":\"\",\"line-height\":\"\"}'  style=\"\">Gesti\u00f3n de datos<\/h3><\/div> <!-- header --><div class=\"aio-icon-description ult-responsive\"  data-ultimate-target='#Info-box-wrap-4421 .aio-icon-description'  data-responsive-json-new='{\"font-size\":\"\",\"line-height\":\"\"}'  style=\"\">Tiene acceso a su \u00e1rea privada de gesti\u00f3n de su APP en formato web. Puede modificar precios, im\u00e1genes, horarios, etc. Facilitamos una APP de gesti\u00f3n paralela para que no dependa de un ordenador.<\/div> <!-- description --><\/div> <!-- aio-icon-box --><\/div> <!-- aio-icon-component -->[\/vc_column][vc_column width=&#8221;1\/4&#8243; css=&#8221;.vc_custom_1588105795272{border-radius: 1px !important;}&#8221;]<div class=\"aio-icon-component    style_2\"><div id=\"Info-box-wrap-5785\" class=\"aio-icon-box top-icon\" style=\"\"  ><div class=\"aio-icon-top\"><div class=\"ult-just-icon-wrapper  \"><div class=\"align-icon\" style=\"text-align:center;\">\n<div class=\"aio-icon none \"  style=\"color:#388ac1;font-size:46px;display:inline-block;\">\n\t<i class=\"Defaults-shopping-cart\"><\/i>\n<\/div><\/div><\/div><\/div><div class=\"aio-icon-header\" ><h3 class=\"aio-icon-title ult-responsive\"  data-ultimate-target='#Info-box-wrap-5785 .aio-icon-title'  data-responsive-json-new='{\"font-size\":\"\",\"line-height\":\"\"}'  style=\"\">PEDIDOS DE COMIDA<\/h3><\/div> <!-- header --><div class=\"aio-icon-description ult-responsive\"  data-ultimate-target='#Info-box-wrap-5785 .aio-icon-description'  data-responsive-json-new='{\"font-size\":\"\",\"line-height\":\"\"}'  style=\"\">M\u00f3dulo de pedidos de comida con tienda online. Para env\u00edo a domicilio o recogida en local. Este m\u00f3dulo se lo incorporamos en su p\u00e1gina web. No pague dos veces por lo mismo.<\/div> <!-- description --><\/div> <!-- aio-icon-box --><\/div> <!-- aio-icon-component -->[\/vc_column][vc_column width=&#8221;1\/4&#8243; css=&#8221;.vc_custom_1588105805094{border-radius: 1px !important;}&#8221;]<div class=\"aio-icon-component    style_2\"><div id=\"Info-box-wrap-6731\" class=\"aio-icon-box top-icon\" style=\"\"  ><div class=\"aio-icon-top\"><div class=\"ult-just-icon-wrapper  \"><div class=\"align-icon\" style=\"text-align:center;\">\n<div class=\"aio-icon none \"  style=\"color:#388ac1;font-size:46px;display:inline-block;\">\n\t<i class=\"Defaults-cc-mastercard\"><\/i>\n<\/div><\/div><\/div><\/div><div class=\"aio-icon-header\" ><h3 class=\"aio-icon-title ult-responsive\"  data-ultimate-target='#Info-box-wrap-6731 .aio-icon-title'  data-responsive-json-new='{\"font-size\":\"\",\"line-height\":\"\"}'  style=\"\">PAGO ONLINE O EN LA ENTREGA<\/h3><\/div> <!-- header --><div class=\"aio-icon-description ult-responsive\"  data-ultimate-target='#Info-box-wrap-6731 .aio-icon-description'  data-responsive-json-new='{\"font-size\":\"\",\"line-height\":\"\"}'  style=\"\">A\u00f1ada los m\u00e9todos de pago necesarios. Pago online con tarjeta, pago con TPV en la entrega, pago en efectivo.<\/div> <!-- description --><\/div> <!-- aio-icon-box --><\/div> <!-- aio-icon-component -->[\/vc_column][\/vc_row][vc_row][vc_column][vc_empty_space height=&#8221;12px&#8221;][\/vc_column][\/vc_row][vc_row][vc_column width=&#8221;1\/4&#8243; css=&#8221;.vc_custom_1588105776745{margin-right: 10px !important;margin-left: 10px !important;border-right-width: 10px !important;border-left-width: 10px !important;padding-right: 10px !important;padding-left: 10px !important;border-radius: 1px !important;}&#8221;]<div class=\"aio-icon-component    style_2\"><div id=\"Info-box-wrap-4962\" class=\"aio-icon-box top-icon\" style=\"\"  ><div class=\"aio-icon-top\"><div class=\"ult-just-icon-wrapper  \"><div class=\"align-icon\" style=\"text-align:center;\">\n<div class=\"aio-icon none \"  style=\"color:#388ac1;font-size:46px;display:inline-block;\">\n\t<i class=\"Defaults-print\"><\/i>\n<\/div><\/div><\/div><\/div><div class=\"aio-icon-header\" ><h3 class=\"aio-icon-title ult-responsive\"  data-ultimate-target='#Info-box-wrap-4962 .aio-icon-title'  data-responsive-json-new='{\"font-size\":\"\",\"line-height\":\"\"}'  style=\"\">RECEPCI\u00d3N DE PEDIDOS<\/h3><\/div> <!-- header --><div class=\"aio-icon-description ult-responsive\"  data-ultimate-target='#Info-box-wrap-4962 .aio-icon-description'  data-responsive-json-new='{\"font-size\":\"\",\"line-height\":\"\"}'  style=\"\">Reciba los pedidos en su impresora t\u00e9rmica, en su email o en la APP de gesti\u00f3n.<\/div> <!-- description --><\/div> <!-- aio-icon-box --><\/div> <!-- aio-icon-component -->[\/vc_column][vc_column width=&#8221;1\/4&#8243; css=&#8221;.vc_custom_1588105785862{margin-right: 10px !important;margin-left: 10px !important;border-right-width: 10px !important;border-left-width: 10px !important;padding-right: 10px !important;padding-left: 10px !important;}&#8221;]<div class=\"aio-icon-component    style_2\"><div id=\"Info-box-wrap-1773\" class=\"aio-icon-box top-icon\" style=\"\"  ><div class=\"aio-icon-top\"><div class=\"ult-just-icon-wrapper  \"><div class=\"align-icon\" style=\"text-align:center;\">\n<div class=\"aio-icon none \"  style=\"color:#388ac1;font-size:46px;display:inline-block;\">\n\t<i class=\"Defaults-envelope\"><\/i>\n<\/div><\/div><\/div><\/div><div class=\"aio-icon-header\" ><h3 class=\"aio-icon-title ult-responsive\"  data-ultimate-target='#Info-box-wrap-1773 .aio-icon-title'  data-responsive-json-new='{\"font-size\":\"\",\"line-height\":\"\"}'  style=\"\">NOTIFICACIONES PUSH<\/h3><\/div> <!-- header --><div class=\"aio-icon-description ult-responsive\"  data-ultimate-target='#Info-box-wrap-1773 .aio-icon-description'  data-responsive-json-new='{\"font-size\":\"\",\"line-height\":\"\"}'  style=\"\">Env\u00ede mensajes, ofertas y\/o promociones a todos sus clientes o mensajes personalizados por intereses, de forma inmediata o programados.<\/div> <!-- description --><\/div> <!-- aio-icon-box --><\/div> <!-- aio-icon-component -->[\/vc_column][vc_column width=&#8221;1\/4&#8243; css=&#8221;.vc_custom_1588105795272{border-radius: 1px !important;}&#8221;]<div class=\"aio-icon-component    style_2\"><div id=\"Info-box-wrap-3859\" class=\"aio-icon-box top-icon\" style=\"\"  ><div class=\"aio-icon-top\"><div class=\"ult-just-icon-wrapper  \"><div class=\"align-icon\" style=\"text-align:center;\">\n<div class=\"aio-icon none \"  style=\"color:#388ac1;font-size:46px;display:inline-block;\">\n\t<i class=\"Defaults-sitemap\"><\/i>\n<\/div><\/div><\/div><\/div><div class=\"aio-icon-header\" ><h3 class=\"aio-icon-title ult-responsive\"  data-ultimate-target='#Info-box-wrap-3859 .aio-icon-title'  data-responsive-json-new='{\"font-size\":\"\",\"line-height\":\"\"}'  style=\"\">M\u00daLTIPLES RESTAURANTES<\/h3><\/div> <!-- header --><div class=\"aio-icon-description ult-responsive\"  data-ultimate-target='#Info-box-wrap-3859 .aio-icon-description'  data-responsive-json-new='{\"font-size\":\"\",\"line-height\":\"\"}'  style=\"\">Gestione varios restaurantes a la vez, desde su misma APP. Cada uno con sus horarios, direcciones y pedidos.<\/div> <!-- description --><\/div> <!-- aio-icon-box --><\/div> <!-- aio-icon-component -->[\/vc_column][vc_column width=&#8221;1\/4&#8243; css=&#8221;.vc_custom_1588105805094{border-radius: 1px !important;}&#8221;]<div class=\"aio-icon-component    style_2\"><div id=\"Info-box-wrap-6823\" class=\"aio-icon-box top-icon\" style=\"\"  ><div class=\"aio-icon-top\"><div class=\"ult-just-icon-wrapper  \"><div class=\"align-icon\" style=\"text-align:center;\">\n<div class=\"aio-icon none \"  style=\"color:#388ac1;font-size:46px;display:inline-block;\">\n\t<i class=\"Defaults-trophy\"><\/i>\n<\/div><\/div><\/div><\/div><div class=\"aio-icon-header\" ><h3 class=\"aio-icon-title ult-responsive\"  data-ultimate-target='#Info-box-wrap-6823 .aio-icon-title'  data-responsive-json-new='{\"font-size\":\"\",\"line-height\":\"\"}'  style=\"\">FIDELIZACI\u00d3N Y PUNTOS<\/h3><\/div> <!-- header --><div class=\"aio-icon-description ult-responsive\"  data-ultimate-target='#Info-box-wrap-6823 .aio-icon-description'  data-responsive-json-new='{\"font-size\":\"\",\"line-height\":\"\"}'  style=\"\">Fidelice a sus clientes con tarjetas de sellos o puntos desde la misma APP.<\/div> <!-- description --><\/div> <!-- aio-icon-box --><\/div> <!-- aio-icon-component -->[\/vc_column][\/vc_row][vc_row][vc_column][vc_empty_space height=&#8221;12px&#8221;][\/vc_column][\/vc_row][vc_row][vc_column width=&#8221;1\/4&#8243; css=&#8221;.vc_custom_1588105776745{margin-right: 10px !important;margin-left: 10px !important;border-right-width: 10px !important;border-left-width: 10px !important;padding-right: 10px !important;padding-left: 10px !important;border-radius: 1px !important;}&#8221;]<div class=\"aio-icon-component    style_2\"><div id=\"Info-box-wrap-9418\" class=\"aio-icon-box top-icon\" style=\"\"  ><div class=\"aio-icon-top\"><div class=\"ult-just-icon-wrapper  \"><div class=\"align-icon\" style=\"text-align:center;\">\n<div class=\"aio-icon none \"  style=\"color:#388ac1;font-size:46px;display:inline-block;\">\n\t<i class=\"Defaults-qrcode\"><\/i>\n<\/div><\/div><\/div><\/div><div class=\"aio-icon-header\" ><h3 class=\"aio-icon-title ult-responsive\"  data-ultimate-target='#Info-box-wrap-9418 .aio-icon-title'  data-responsive-json-new='{\"font-size\":\"\",\"line-height\":\"\"}'  style=\"\">FIN DE LA CARTA EN PAPEL?<\/h3><\/div> <!-- header --><div class=\"aio-icon-description ult-responsive\"  data-ultimate-target='#Info-box-wrap-9418 .aio-icon-description'  data-responsive-json-new='{\"font-size\":\"\",\"line-height\":\"\"}'  style=\"\">Le creamos sus propios c\u00f3digos QR enlazados a la carta o men\u00fas para que los clientes lo miren en sus propios dispositivos. Despu\u00e9s de esta pandemia, las cosas han cambiado.<\/div> <!-- description --><\/div> <!-- aio-icon-box --><\/div> <!-- aio-icon-component -->[\/vc_column][vc_column width=&#8221;1\/4&#8243; css=&#8221;.vc_custom_1588105785862{margin-right: 10px !important;margin-left: 10px !important;border-right-width: 10px !important;border-left-width: 10px !important;padding-right: 10px !important;padding-left: 10px !important;}&#8221;]<div class=\"aio-icon-component    style_2\"><div id=\"Info-box-wrap-8833\" class=\"aio-icon-box top-icon\" style=\"\"  ><div class=\"aio-icon-top\"><div class=\"ult-just-icon-wrapper  \"><div class=\"align-icon\" style=\"text-align:center;\">\n<div class=\"aio-icon none \"  style=\"color:#388ac1;font-size:46px;display:inline-block;\">\n\t<i class=\"Defaults-book\"><\/i>\n<\/div><\/div><\/div><\/div><div class=\"aio-icon-header\" ><h3 class=\"aio-icon-title ult-responsive\"  data-ultimate-target='#Info-box-wrap-8833 .aio-icon-title'  data-responsive-json-new='{\"font-size\":\"\",\"line-height\":\"\"}'  style=\"\">RESERVAS EN LOCAL<\/h3><\/div> <!-- header --><div class=\"aio-icon-description ult-responsive\"  data-ultimate-target='#Info-box-wrap-8833 .aio-icon-description'  data-responsive-json-new='{\"font-size\":\"\",\"line-height\":\"\"}'  style=\"\">Gestione las reservas de su restaurante desde su APP. M\u00e1s pronto que tarde volver\u00e1n los clientes en sala.<\/div> <!-- description --><\/div> <!-- aio-icon-box --><\/div> <!-- aio-icon-component -->[\/vc_column][vc_column width=&#8221;1\/4&#8243; css=&#8221;.vc_custom_1588105795272{border-radius: 1px !important;}&#8221;]<div class=\"aio-icon-component    style_2\"><div id=\"Info-box-wrap-7444\" class=\"aio-icon-box top-icon\" style=\"\"  ><div class=\"aio-icon-top\"><div class=\"ult-just-icon-wrapper  \"><div class=\"align-icon\" style=\"text-align:center;\">\n<div class=\"aio-icon none \"  style=\"color:#388ac1;font-size:46px;display:inline-block;\">\n\t<i class=\"Defaults-newspaper-o\"><\/i>\n<\/div><\/div><\/div><\/div><div class=\"aio-icon-header\" ><h3 class=\"aio-icon-title ult-responsive\"  data-ultimate-target='#Info-box-wrap-7444 .aio-icon-title'  data-responsive-json-new='{\"font-size\":\"\",\"line-height\":\"\"}'  style=\"\">NOT\u00cdCIAS<\/h3><\/div> <!-- header --><div class=\"aio-icon-description ult-responsive\"  data-ultimate-target='#Info-box-wrap-7444 .aio-icon-description'  data-responsive-json-new='{\"font-size\":\"\",\"line-height\":\"\"}'  style=\"\">Mantenga informados a sus clientes. Comunique los datos relevantes para su restaurante.<\/div> <!-- description --><\/div> <!-- aio-icon-box --><\/div> <!-- aio-icon-component -->[\/vc_column][vc_column width=&#8221;1\/4&#8243; css=&#8221;.vc_custom_1588105805094{border-radius: 1px !important;}&#8221;]<div class=\"aio-icon-component    style_2\"><div id=\"Info-box-wrap-2474\" class=\"aio-icon-box top-icon\" style=\"\"  ><div class=\"aio-icon-top\"><div class=\"ult-just-icon-wrapper  \"><div class=\"align-icon\" style=\"text-align:center;\">\n<div class=\"aio-icon none \"  style=\"color:#388ac1;font-size:46px;display:inline-block;\">\n\t<i class=\"Defaults-calendar\"><\/i>\n<\/div><\/div><\/div><\/div><div class=\"aio-icon-header\" ><h3 class=\"aio-icon-title ult-responsive\"  data-ultimate-target='#Info-box-wrap-2474 .aio-icon-title'  data-responsive-json-new='{\"font-size\":\"\",\"line-height\":\"\"}'  style=\"\">EVENTOS<\/h3><\/div> <!-- header --><div class=\"aio-icon-description ult-responsive\"  data-ultimate-target='#Info-box-wrap-2474 .aio-icon-description'  data-responsive-json-new='{\"font-size\":\"\",\"line-height\":\"\"}'  style=\"\">Sus clientes podr\u00e1n ver los eventos que realice en su restaurante y podr\u00e1n confirmar asistencia desde la APP. Esta previsi\u00f3n le facilitar\u00e1 la organizaci\u00f3n del evento.<\/div> <!-- description --><\/div> <!-- aio-icon-box --><\/div> <!-- aio-icon-component -->[\/vc_column][\/vc_row][vc_row][vc_column][vc_empty_space height=&#8221;25px&#8221;][\/vc_column][\/vc_row][vc_row][vc_column][vc_empty_space height=&#8221;12px&#8221;][vc_text_separator title=&#8221;PREGUNTAS FRECUENTES&#8221;][vc_empty_space height=&#8221;24px&#8221;][\/vc_column][\/vc_row][vc_row][vc_column width=&#8221;1\/6&#8243;][vc_single_image image=&#8221;21651&#8243; img_size=&#8221;full&#8221; alignment=&#8221;center&#8221; onclick=&#8221;link_image&#8221;][\/vc_column][vc_column width=&#8221;4\/6&#8243;][vc_empty_space height=&#8221;10px&#8221;][vc_toggle title=&#8221;\u00bfHay permanencia?&#8221; style=&#8221;bordered&#8221;]No. No hay permanencia.[\/vc_toggle][vc_toggle title=&#8221;\u00bfComo se realiza el pago?&#8221; style=&#8221;bordered&#8221;]El pago se realiza mediante suscripci\u00f3n al servicio con tarjeta de cr\u00e9dito\/d\u00e9bito. Los clientes de la Uni\u00f3n Europea pueden hacer el pago por domiciliaci\u00f3n bancaria.[\/vc_toggle][vc_toggle title=&#8221;\u00bfPuedo solicitar esta APP si no dispongo de p\u00e1gina web?&#8221; style=&#8221;bordered&#8221;]Si. Puede disponer de una APP para su restaurante sin tener p\u00e1gina web.[\/vc_toggle][vc_toggle title=&#8221;\u00bfLos clientes de la APP de mi restaurante pueden pagar con tarjeta?&#8221; style=&#8221;bordered&#8221;]Si. Como cualquier plataforma de comercio electr\u00f3nico, estos pagos se realizan a trav\u00e9s de pasarelas de pago. Las pasarelas disonibles son: Braintree, Paypal, Stripe, Payu, Ingenico y Authorize.net. Si ya dispone de un TPV con tecnolog\u00eda 3G puede cobrar a sus clientes al hacer la entrega del pedido.[\/vc_toggle][vc_toggle title=&#8221;\u00bfLos clientes de la APP de mi restaurante pueden pagar en efectivo?&#8221; style=&#8221;bordered&#8221;]Si. El cliente realiza el pedido y el cobro se efect\u00faa en efectivo en el momento de la entrega.[\/vc_toggle][vc_toggle title=&#8221;\u00bfIncluye el servicio de reparto a domicilio?&#8221; style=&#8221;bordered&#8221;]No. La APP facilita el acceso de sus clientes para poder hacer pedidos y pagar c\u00f3modamente, pero cada restaurante tiene que gestionar el sistema de reparto a domicilio.[\/vc_toggle][vc_toggle title=&#8221;Yo no entiendo de inform\u00e1tica. \u00bfPodr\u00e9 gestionar la APP de mi restaurante?&#8221; style=&#8221;bordered&#8221;]Si. La introducci\u00f3n y modificaci\u00f3n de datos del gestor de contenidos es muy sencillo. En caso de que tenga alguna duda sobre el funcionamiento, dispone de nuestro servicio de soporte via email o tel\u00e9fono.[\/vc_toggle][vc_toggle title=&#8221;\u00bfComo puedo contactar con el \u00e1rea de soporte?&#8221; style=&#8221;bordered&#8221;]Via email: info@apparador.com<\/p>\n<p>Via tel\u00e9fono: +34 936917954 | +34 616341296 | +34 666754742[\/vc_toggle][vc_empty_space height=&#8221;40px&#8221;][\/vc_column][vc_column width=&#8221;1\/6&#8243;][vc_single_image image=&#8221;21652&#8243; img_size=&#8221;full&#8221; alignment=&#8221;center&#8221; onclick=&#8221;link_image&#8221;][\/vc_column][\/vc_row][vc_row full_width=&#8221;stretch_row_content&#8221; content_placement=&#8221;middle&#8221; bg_type=&#8221;bg_color&#8221; bg_color_value=&#8221;#e3eef4&#8243;][vc_column][vc_text_separator title=&#8221;PULSA ENCIMA DE CADA APP PARA VER LA DEMO&#8221; color=&#8221;white&#8221;]<div id=\"ult-carousel-91848621969fcb6eeeeaf4\" class=\"ult-carousel-wrapper   ult_horizontal\" data-gutter=\"15\" data-rtl=\"false\" ><div class=\"ult-carousel-50244016969fcb6eeee947 \" >[vc_empty_space height=&#8221;16px&#8221;][vc_single_image image=&#8221;21676&#8243; img_size=&#8221;medium&#8221; alignment=&#8221;center&#8221; onclick=&#8221;link_image&#8221;][vc_single_image image=&#8221;21677&#8243; img_size=&#8221;medium&#8221; alignment=&#8221;center&#8221; onclick=&#8221;link_image&#8221;][vc_single_image image=&#8221;21678&#8243; img_size=&#8221;medium&#8221; alignment=&#8221;center&#8221; onclick=&#8221;link_image&#8221;][vc_single_image image=&#8221;21679&#8243; img_size=&#8221;medium&#8221; alignment=&#8221;center&#8221; onclick=&#8221;link_image&#8221;][vc_single_image image=&#8221;21680&#8243; img_size=&#8221;medium&#8221; alignment=&#8221;center&#8221; onclick=&#8221;link_image&#8221;]<\/div><\/div>\t\t\t<script type=\"text\/javascript\">\n\t\t\t\tjQuery(document).ready(function ($) {\n\t\t\t\t\tif( typeof jQuery('.ult-carousel-50244016969fcb6eeee947').slick == \"function\"){\n\t\t\t\t\t\t$('.ult-carousel-50244016969fcb6eeee947').slick({dots: true,autoplay: true,autoplaySpeed: \"5000\",speed: \"300\",infinite: true,arrows: true,nextArrow: '<button type=\"button\" role=\"button\" aria-label=\"Next\" style=\"color:#333333; font-size:20px;background:;\" class=\"slick-next square-bg\"><i class=\"ultsl-arrow-right4\"><\/i><\/button>',prevArrow: '<button type=\"button\" role=\"button\" aria-label=\"Previous\" style=\"color:#333333; font-size:20px;background:;\" class=\"slick-prev square-bg\"><i class=\"ultsl-arrow-left4\"><\/i><\/button>',slidesToScroll:1,slidesToShow:3,swipe: true,draggable: true,touchMove: true,pauseOnHover: true,pauseOnFocus: false,responsive: [\n\t\t\t\t\t\t\t{\n\t\t\t\t\t\t\t  breakpoint: 1026,\n\t\t\t\t\t\t\t  settings: {\n\t\t\t\t\t\t\t\tslidesToShow: 3,\n\t\t\t\t\t\t\t\tslidesToScroll: 1,  \n\t\t\t\t\t\t\t  }\n\t\t\t\t\t\t\t},\n\t\t\t\t\t\t\t{\n\t\t\t\t\t\t\t  breakpoint: 1025,\n\t\t\t\t\t\t\t  settings: {\n\t\t\t\t\t\t\t\tslidesToShow: 2,\n\t\t\t\t\t\t\t\tslidesToScroll: 1\n\t\t\t\t\t\t\t  }\n\t\t\t\t\t\t\t},\n\t\t\t\t\t\t\t{\n\t\t\t\t\t\t\t  breakpoint: 760,\n\t\t\t\t\t\t\t  settings: {\n\t\t\t\t\t\t\t\tslidesToShow: 1,\n\t\t\t\t\t\t\t\tslidesToScroll: 1\n\t\t\t\t\t\t\t  }\n\t\t\t\t\t\t\t}\n\t\t\t\t\t\t],pauseOnDotsHover: true,customPaging: function(slider, i) {\n                   return '<i type=\"button\" style= \"color:#333333;\" class=\"ultsl-record\" data-role=\"none\"><\/i>';\n                },});\n\t\t\t\t\t}\n\t\t\t\t});\n\t\t\t<\/script>\n\t\t\t[\/vc_column][\/vc_row][vc_row][vc_column][vc_empty_space height=&#8221;24px&#8221;][vc_empty_space][vc_text_separator title=&#8221;Si est\u00e1 interesado en tener su propia APP para su restaurante, rellene el siguiente formulario&#8221;][\/vc_column][\/vc_row][vc_row][vc_column width=&#8221;1\/4&#8243;][\/vc_column][vc_column width=&#8221;1\/2&#8243;]\n<div class=\"wpcf7 no-js\" id=\"wpcf7-f21654-o1\" lang=\"ca\" dir=\"ltr\">\n<div class=\"screen-reader-response\"><p role=\"status\" aria-live=\"polite\" aria-atomic=\"true\"><\/p> <ul><\/ul><\/div>\n<form action=\"\/es\/wp-json\/wp\/v2\/pages\/21630#wpcf7-f21654-o1\" method=\"post\" class=\"wpcf7-form init\" aria-label=\"Formulari de contacte\" novalidate=\"novalidate\" data-status=\"init\">\n<div style=\"display: none;\">\n<input type=\"hidden\" name=\"_wpcf7\" value=\"21654\" \/>\n<input type=\"hidden\" name=\"_wpcf7_version\" value=\"5.9.8\" \/>\n<input type=\"hidden\" name=\"_wpcf7_locale\" value=\"ca\" \/>\n<input type=\"hidden\" name=\"_wpcf7_unit_tag\" value=\"wpcf7-f21654-o1\" \/>\n<input type=\"hidden\" name=\"_wpcf7_container_post\" value=\"0\" \/>\n<input type=\"hidden\" name=\"_wpcf7_posted_data_hash\" value=\"\" \/>\n<\/div>\n<p>Su nombre (obligatorio)\n<\/p>\n<p><span class=\"wpcf7-form-control-wrap\" data-name=\"your-name\"><input size=\"35\" maxlength=\"400\" class=\"wpcf7-form-control wpcf7-text wpcf7-validates-as-required\" aria-required=\"true\" aria-invalid=\"false\" value=\"\" type=\"text\" name=\"your-name\" \/><\/span>\n<\/p>\n<p>Su email (obligatorio)\n<\/p>\n<p><span class=\"wpcf7-form-control-wrap\" data-name=\"your-email\"><input size=\"35\" maxlength=\"400\" class=\"wpcf7-form-control wpcf7-email wpcf7-validates-as-required wpcf7-text wpcf7-validates-as-email\" aria-required=\"true\" aria-invalid=\"false\" value=\"\" type=\"email\" name=\"your-email\" \/><\/span>\n<\/p>\n<p>Su tel\u00e9fono\n<\/p>\n<p><span class=\"wpcf7-form-control-wrap\" data-name=\"tel-935\"><input size=\"35\" maxlength=\"400\" class=\"wpcf7-form-control wpcf7-tel wpcf7-text wpcf7-validates-as-tel\" aria-invalid=\"false\" value=\"\" type=\"tel\" name=\"tel-935\" \/><\/span>\n<\/p>\n<p>\u00bfComo quiere recibir la informaci\u00f3n?\n<\/p>\n<p><span class=\"wpcf7-form-control-wrap\" data-name=\"menu-260\"><select class=\"wpcf7-form-control wpcf7-select\" aria-invalid=\"false\" name=\"menu-260\"><option value=\"\">&#8212;Trieu una opci\u00f3&#8212;<\/option><option value=\"Por tel\u00e9fono\">Por tel\u00e9fono<\/option><option value=\"Por Email\">Por Email<\/option><\/select><\/span>\n<\/p>\n<p>Asunto\n<\/p>\n<p><span class=\"wpcf7-form-control-wrap\" data-name=\"your-subject\"><input size=\"35\" maxlength=\"400\" class=\"wpcf7-form-control wpcf7-text\" aria-invalid=\"false\" value=\"\" type=\"text\" name=\"your-subject\" \/><\/span>\n<\/p>\n<p>Su mensaje\n<\/p>\n<p><span class=\"wpcf7-form-control-wrap\" data-name=\"your-message\"><textarea cols=\"35\" rows=\"10\" maxlength=\"2000\" class=\"wpcf7-form-control wpcf7-textarea\" aria-invalid=\"false\" name=\"your-message\"><\/textarea><\/span>\n<\/p>\n<p><input class=\"wpcf7-form-control wpcf7-submit has-spinner\" type=\"submit\" value=\"Enviar\" \/>\n<\/p><div class=\"wpcf7-response-output\" aria-hidden=\"true\"><\/div>\n<\/form>\n<\/div>\n[\/vc_column][vc_column width=&#8221;1\/4&#8243;][\/vc_column][\/vc_row]\n<\/div>","protected":false},"excerpt":{"rendered":"<p>&#8230;<\/p>\n","protected":false},"author":1,"featured_media":0,"parent":0,"menu_order":0,"comment_status":"closed","ping_status":"closed","template":"","meta":{"_monsterinsights_skip_tracking":false,"_monsterinsights_sitenote_active":false,"_monsterinsights_sitenote_note":"","_monsterinsights_sitenote_category":0,"_joinchat":[],"footnotes":""},"_links":{"self":[{"href":"https:\/\/www.apparador.com\/es\/wp-json\/wp\/v2\/pages\/21630"}],"collection":[{"href":"https:\/\/www.apparador.com\/es\/wp-json\/wp\/v2\/pages"}],"about":[{"href":"https:\/\/www.apparador.com\/es\/wp-json\/wp\/v2\/types\/page"}],"author":[{"embeddable":true,"href":"https:\/\/www.apparador.com\/es\/wp-json\/wp\/v2\/users\/1"}],"replies":[{"embeddable":true,"href":"https:\/\/www.apparador.com\/es\/wp-json\/wp\/v2\/comments?post=21630"}],"version-history":[{"count":34,"href":"https:\/\/www.apparador.com\/es\/wp-json\/wp\/v2\/pages\/21630\/revisions"}],"predecessor-version":[{"id":21686,"href":"https:\/\/www.apparador.com\/es\/wp-json\/wp\/v2\/pages\/21630\/revisions\/21686"}],"wp:attachment":[{"href":"https:\/\/www.apparador.com\/es\/wp-json\/wp\/v2\/media?parent=21630"}],"curies":[{"name":"wp","href":"https:\/\/api.w.org\/{rel}","templated":true}]}}